{"id":14,"date":"2021-04-15T15:37:22","date_gmt":"2021-04-15T14:37:22","guid":{"rendered":"https:\/\/www.melgacoradical.com\/?page_id=14"},"modified":"2024-01-31T18:42:00","modified_gmt":"2024-01-31T17:42:00","slug":"territorio","status":"publish","type":"page","link":"https:\/\/www.melgacoradical.com\/en\/quem-somos\/territorio\/","title":{"rendered":"The region"},"content":{"rendered":"<div data-elementor-type=\"wp-page\" data-elementor-id=\"14\" class=\"elementor elementor-14\">\n\t\t\t\t<div class=\"elementor-element elementor-element-c436ec6 e-flex e-con-boxed e-con e-parent\" data-id=\"c436ec6\" data-element_type=\"container\">\n\t\t\t\t\t<div class=\"e-con-inner\">\n\t\t<div class=\"elementor-element elementor-element-670f5d4 e-con-full e-flex e-con e-child\" data-id=\"670f5d4\" data-element_type=\"container\" data-settings=\"{&quot;background_background&quot;:&quot;classic&quot;}\">\n\t\t\t\t<div class=\"elementor-element elementor-element-90aef86 elementor-view-default elementor-widget elementor-widget-icon\" data-id=\"90aef86\" data-element_type=\"widget\" data-widget_type=\"icon.default\">\n\t\t\t\t<div class=\"elementor-widget-container\">\n\t\t\t\t\t\t\t<div class=\"elementor-icon-wrapper\">\n\t\t\t<a class=\"elementor-icon\" href=\"https:\/\/www.youtube.com\/watch?v=4r79CO_52To\" target=\"_blank\">\n\t\t\t\t\t\t<\/a>\n\t\t<\/div>\n\t\t\t\t\t\t<\/div>\n\t\t\t\t<\/div>\n\t\t\t\t<\/div>\n\t\t<div class=\"elementor-element elementor-element-72ee030 e-con-full e-flex e-con e-child\" data-id=\"72ee030\" data-element_type=\"container\">\n\t\t\t\t<div class=\"elementor-element elementor-element-875904a elementor-widget elementor-widget-text-editor\" data-id=\"875904a\" data-element_type=\"widget\" data-widget_type=\"text-editor.default\">\n\t\t\t\t<div class=\"elementor-widget-container\">\n\t\t\t\t\t\t\t\t\t<p>Melga\u00e7o and the Minho River<\/p>\t\t\t\t\t\t\t\t<\/div>\n\t\t\t\t<\/div>\n\t\t\t\t<div class=\"elementor-element elementor-element-487a766 elementor-widget elementor-widget-heading\" data-id=\"487a766\" data-element_type=\"widget\" data-widget_type=\"heading.default\">\n\t\t\t\t<div class=\"elementor-widget-container\">\n\t\t\t\t\t<h2 class=\"elementor-heading-title elementor-size-default\">The Heart of Northern Portugal<\/h2>\t\t\t\t<\/div>\n\t\t\t\t<\/div>\n\t\t\t\t<div class=\"elementor-element elementor-element-2c26ddc elementor-widget elementor-widget-text-editor\" data-id=\"2c26ddc\" data-element_type=\"widget\" data-widget_type=\"text-editor.default\">\n\t\t\t\t<div class=\"elementor-widget-container\">\n\t\t\t\t\t\t\t\t\t<p>Come and discover Melga\u00e7o, the hidden gem of northern Portugal, where nature, history and culture meet to create an unforgettable destination. Part of the Minho region, Melga\u00e7o is an invitation to explore the magnificent River Minho, which defines and determines the natural border between Portugal and Spain.<\/p><p>In Melga\u00e7o, each path leads to a new discovery. From the wine landscapes, home to the famous Alvarinho, to the historic ruins that tell stories of ancient times, this region promises to enchant everyone who decides to visit. Its natural landscapes are incredible for outdoor lovers, with hiking and cycling trails offering stunning views.<\/p><p>But it is the River Minho that truly defines Melga\u00e7o. This river is not just a geographical landmark, it is a true space for adventurers. With a variety of water activities, from peaceful canoeing to exciting rafting, the Minho River is perfect for those looking for action and adrenaline. Its clear waters and challenging currents are the ideal setting for an unforgettable adventure.<\/p>\t\t\t\t\t\t\t\t<\/div>\n\t\t\t\t<\/div>\n\t\t\t\t<\/div>\n\t\t\t\t\t<\/div>\n\t\t\t\t<\/div>\n\t\t<div class=\"elementor-element elementor-element-a857eac e-flex e-con-boxed e-con e-parent\" data-id=\"a857eac\" data-element_type=\"container\">\n\t\t\t\t\t<div class=\"e-con-inner\">\n\t\t<div class=\"elementor-element elementor-element-44a43b6 e-con-full e-flex e-con e-child\" data-id=\"44a43b6\" data-element_type=\"container\">\n\t\t\t\t<div class=\"elementor-element elementor-element-af1fd63 elementor-widget elementor-widget-text-editor\" data-id=\"af1fd63\" data-element_type=\"widget\" data-widget_type=\"text-editor.default\">\n\t\t\t\t<div class=\"elementor-widget-container\">\n\t\t\t\t\t\t\t\t\t<p>Melga\u00e7o and the Minho River<\/p>\t\t\t\t\t\t\t\t<\/div>\n\t\t\t\t<\/div>\n\t\t\t\t<div class=\"elementor-element elementor-element-bae642a elementor-widget elementor-widget-heading\" data-id=\"bae642a\" data-element_type=\"widget\" data-widget_type=\"heading.default\">\n\t\t\t\t<div class=\"elementor-widget-container\">\n\t\t\t\t\t<h2 class=\"elementor-heading-title elementor-size-default\">The Heart of Northern Portugal<\/h2>\t\t\t\t<\/div>\n\t\t\t\t<\/div>\n\t\t\t\t<div class=\"elementor-element elementor-element-39f6ea5 elementor-widget elementor-widget-text-editor\" data-id=\"39f6ea5\" data-element_type=\"widget\" data-widget_type=\"text-editor.default\">\n\t\t\t\t<div class=\"elementor-widget-container\">\n\t\t\t\t\t\t\t\t\t<p>It&#039;s not just nature that makes Melga\u00e7o a special destination. The town speaks for itself, with its imposing castle and narrow streets, which tell stories of a rich and fascinating past. The local gastronomy is another highlight, with traditional dishes that promise to delight, always accompanied by the region&#039;s excellent wine.<\/p><p>Come and discover Melga\u00e7o and the Minho River for yourself. Explore, adventure and fall in love with this land where the beauty of nature meets the richness of culture. Melga\u00e7o and the Minho River await you!<\/p><p>Melga\u00e7o Radical awaits you to experience the \u201cMost Radical Nature Destination in Portugal\u201d. Come experience the excitement and beauty of Melga\u00e7o \u2013 where the adventure never ends!<\/p>\t\t\t\t\t\t\t\t<\/div>\n\t\t\t\t<\/div>\n\t\t\t\t<\/div>\n\t\t<div class=\"elementor-element elementor-element-0137be8 e-con-full e-flex e-con e-child\" data-id=\"0137be8\" data-element_type=\"container\" data-settings=\"{&quot;background_background&quot;:&quot;classic&quot;}\">\n\t\t\t\t<div class=\"elementor-element elementor-element-f15e00b elementor-view-default elementor-widget elementor-widget-icon\" data-id=\"f15e00b\" data-element_type=\"widget\" data-widget_type=\"icon.default\">\n\t\t\t\t<div class=\"elementor-widget-container\">\n\t\t\t\t\t\t\t<div class=\"elementor-icon-wrapper\">\n\t\t\t<a class=\"elementor-icon\" href=\"https:\/\/www.youtube.com\/watch?v=4r79CO_52To\" target=\"_blank\">\n\t\t\t\t\t\t<\/a>\n\t\t<\/div>\n\t\t\t\t\t\t<\/div>\n\t\t\t\t<\/div>\n\t\t\t\t<\/div>\n\t\t\t\t\t<\/div>\n\t\t\t\t<\/div>\n\t\t<div class=\"elementor-element elementor-element-e368496 e-flex e-con-boxed e-con e-parent\" data-id=\"e368496\" data-element_type=\"container\" data-settings=\"{&quot;background_background&quot;:&quot;classic&quot;}\">\n\t\t\t\t\t<div class=\"e-con-inner\">\n\t\t<div class=\"elementor-element elementor-element-18290ed e-con-full e-flex e-con e-child\" data-id=\"18290ed\" data-element_type=\"container\" data-settings=\"{&quot;background_background&quot;:&quot;classic&quot;}\">\n\t\t\t\t<div class=\"elementor-element elementor-element-e30d523 elementor-widget elementor-widget-heading\" data-id=\"e30d523\" data-element_type=\"widget\" data-widget_type=\"heading.default\">\n\t\t\t\t<div class=\"elementor-widget-container\">\n\t\t\t\t\t<h2 class=\"elementor-heading-title elementor-size-default\">Nature. Adventure. Unforgettable Memories!<\/h2>\t\t\t\t<\/div>\n\t\t\t\t<\/div>\n\t\t\t\t<div class=\"elementor-element elementor-element-e3fe023 elementor-widget elementor-widget-text-editor\" data-id=\"e3fe023\" data-element_type=\"widget\" data-widget_type=\"text-editor.default\">\n\t\t\t\t<div class=\"elementor-widget-container\">\n\t\t\t\t\t\t\t\t\t<p>Embrace adventure and celebrate life!<\/p>\t\t\t\t\t\t\t\t<\/div>\n\t\t\t\t<\/div>\n\t\t\t\t<\/div>\n\t\t<div class=\"elementor-element elementor-element-a41b4b4 e-con-full e-flex e-con e-child\" data-id=\"a41b4b4\" data-element_type=\"container\">\n\t\t\t\t<\/div>\n\t\t\t\t\t<\/div>\n\t\t\t\t<\/div>\n\t\t\t\t<\/div>","protected":false},"excerpt":{"rendered":"<p>Melga\u00e7o e o Rio Minho O Cora\u00e7\u00e3o do Norte de Portugal Venha descobrir Melga\u00e7o, a joia escondida do norte de Portugal, onde a natureza, a hist\u00f3ria e a cultura se encontram para criar um destino inesquec\u00edvel. Parte da regi\u00e3o do Minho, Melga\u00e7o \u00e9 um convite para explorar o magn\u00edfico Rio Minho, que define e determina [&hellip;]<\/p>","protected":false},"author":1,"featured_media":0,"parent":22,"menu_order":3,"comment_status":"closed","ping_status":"closed","template":"","meta":{"_joinchat":[],"footnotes":""},"class_list":["post-14","page","type-page","status-publish","hentry"],"blocksy_meta":[],"yoast_head":"<!-- This site is optimized with the Yoast SEO plugin v21.9.1 - https:\/\/yoast.com\/wordpress\/plugins\/seo\/ -->\n<title>A Regi\u00e3o | Melga\u00e7o Radical<\/title>\n<meta name=\"description\" content=\"Explore o emocionante mundo do A Regi\u00e3o com a Melga\u00e7o Radical! Aventuras inesquec\u00edveis em Melga\u00e7o e no rio Minho, perfeitas para todas as idades.\" \/>\n<meta name=\"robots\" content=\"index, follow, max-snippet:-1, max-image-preview:large, max-video-preview:-1\" \/>\n<link rel=\"canonical\" href=\"https:\/\/www.melgacoradical.com\/en\/quem-somos\/territorio\/\" \/>\n<meta property=\"og:locale\" content=\"en_GB\" \/>\n<meta property=\"og:type\" content=\"article\" \/>\n<meta property=\"og:title\" content=\"A Regi\u00e3o | Melga\u00e7o Radical\" \/>\n<meta property=\"og:description\" content=\"Explore o emocionante mundo do A Regi\u00e3o com a Melga\u00e7o Radical! Aventuras inesquec\u00edveis em Melga\u00e7o e no rio Minho, perfeitas para todas as idades.\" \/>\n<meta property=\"og:url\" content=\"https:\/\/www.melgacoradical.com\/en\/quem-somos\/territorio\/\" \/>\n<meta property=\"og:site_name\" content=\"Melga\u00e7o Radical\" \/>\n<meta property=\"article:publisher\" content=\"https:\/\/www.facebook.com\/melgacoradical\/\" \/>\n<meta property=\"article:modified_time\" content=\"2024-01-31T17:42:00+00:00\" \/>\n<meta property=\"og:image\" content=\"https:\/\/www.melgacoradical.com\/wp-content\/uploads\/2021\/08\/Screenshot_1.jpg\" \/>\n\t<meta property=\"og:image:width\" content=\"798\" \/>\n\t<meta property=\"og:image:height\" content=\"521\" \/>\n\t<meta property=\"og:image:type\" content=\"image\/jpeg\" \/>\n<meta name=\"twitter:card\" content=\"summary_large_image\" \/>\n<meta name=\"twitter:label1\" content=\"Estimated reading time\" \/>\n\t<meta name=\"twitter:data1\" content=\"2 minutes\" \/>\n<!-- \/ Yoast SEO plugin. -->","yoast_head_json":{"title":"A Regi\u00e3o | Melga\u00e7o Radical","description":"Explore o emocionante mundo do A Regi\u00e3o com a Melga\u00e7o Radical! Aventuras inesquec\u00edveis em Melga\u00e7o e no rio Minho, perfeitas para todas as idades.","robots":{"index":"index","follow":"follow","max-snippet":"max-snippet:-1","max-image-preview":"max-image-preview:large","max-video-preview":"max-video-preview:-1"},"canonical":"https:\/\/www.melgacoradical.com\/en\/quem-somos\/territorio\/","og_locale":"en_GB","og_type":"article","og_title":"A Regi\u00e3o | Melga\u00e7o Radical","og_description":"Explore o emocionante mundo do A Regi\u00e3o com a Melga\u00e7o Radical! Aventuras inesquec\u00edveis em Melga\u00e7o e no rio Minho, perfeitas para todas as idades.","og_url":"https:\/\/www.melgacoradical.com\/en\/quem-somos\/territorio\/","og_site_name":"Melga\u00e7o Radical","article_publisher":"https:\/\/www.facebook.com\/melgacoradical\/","article_modified_time":"2024-01-31T17:42:00+00:00","og_image":[{"width":798,"height":521,"url":"https:\/\/www.melgacoradical.com\/wp-content\/uploads\/2021\/08\/Screenshot_1.jpg","type":"image\/jpeg"}],"twitter_card":"summary_large_image","twitter_misc":{"Estimated reading time":"2 minutes"},"schema":{"@context":"https:\/\/schema.org","@graph":[{"@type":"WebPage","@id":"https:\/\/www.melgacoradical.com\/quem-somos\/territorio\/","url":"https:\/\/www.melgacoradical.com\/quem-somos\/territorio\/","name":"A Regi\u00e3o | Melga\u00e7o Radical","isPartOf":{"@id":"https:\/\/www.melgacoradical.com\/#website"},"datePublished":"2021-04-15T14:37:22+00:00","dateModified":"2024-01-31T17:42:00+00:00","description":"Explore o emocionante mundo do A Regi\u00e3o com a Melga\u00e7o Radical! Aventuras inesquec\u00edveis em Melga\u00e7o e no rio Minho, perfeitas para todas as idades.","breadcrumb":{"@id":"https:\/\/www.melgacoradical.com\/quem-somos\/territorio\/#breadcrumb"},"inLanguage":"en-GB","potentialAction":[{"@type":"ReadAction","target":["https:\/\/www.melgacoradical.com\/quem-somos\/territorio\/"]}]},{"@type":"BreadcrumbList","@id":"https:\/\/www.melgacoradical.com\/quem-somos\/territorio\/#breadcrumb","itemListElement":[{"@type":"ListItem","position":1,"name":"In\u00edcio","item":"https:\/\/www.melgacoradical.com\/"},{"@type":"ListItem","position":2,"name":"Quem Somos","item":"https:\/\/www.melgacoradical.com\/quem-somos\/"},{"@type":"ListItem","position":3,"name":"A Regi\u00e3o"}]},{"@type":"WebSite","@id":"https:\/\/www.melgacoradical.com\/#website","url":"https:\/\/www.melgacoradical.com\/","name":"Melga\u00e7o Radical","description":"Onde a Aventura Come\u00e7a","publisher":{"@id":"https:\/\/www.melgacoradical.com\/#organization"},"potentialAction":[{"@type":"SearchAction","target":{"@type":"EntryPoint","urlTemplate":"https:\/\/www.melgacoradical.com\/?s={search_term_string}"},"query-input":"required name=search_term_string"}],"inLanguage":"en-GB"},{"@type":"Organization","@id":"https:\/\/www.melgacoradical.com\/#organization","name":"Melga\u00e7o Radical","url":"https:\/\/www.melgacoradical.com\/","logo":{"@type":"ImageObject","inLanguage":"en-GB","@id":"https:\/\/www.melgacoradical.com\/#\/schema\/logo\/image\/","url":"https:\/\/www.melgacoradical.com\/wp-content\/uploads\/2021\/08\/Screenshot_1.jpg","contentUrl":"https:\/\/www.melgacoradical.com\/wp-content\/uploads\/2021\/08\/Screenshot_1.jpg","width":798,"height":521,"caption":"Melga\u00e7o Radical"},"image":{"@id":"https:\/\/www.melgacoradical.com\/#\/schema\/logo\/image\/"},"sameAs":["https:\/\/www.facebook.com\/melgacoradical\/","https:\/\/www.instagram.com\/melgacoradical\/"]}]}},"_links":{"self":[{"href":"https:\/\/www.melgacoradical.com\/en\/wp-json\/wp\/v2\/pages\/14","targetHints":{"allow":["GET"]}}],"collection":[{"href":"https:\/\/www.melgacoradical.com\/en\/wp-json\/wp\/v2\/pages"}],"about":[{"href":"https:\/\/www.melgacoradical.com\/en\/wp-json\/wp\/v2\/types\/page"}],"author":[{"embeddable":true,"href":"https:\/\/www.melgacoradical.com\/en\/wp-json\/wp\/v2\/users\/1"}],"replies":[{"embeddable":true,"href":"https:\/\/www.melgacoradical.com\/en\/wp-json\/wp\/v2\/comments?post=14"}],"version-history":[{"count":0,"href":"https:\/\/www.melgacoradical.com\/en\/wp-json\/wp\/v2\/pages\/14\/revisions"}],"up":[{"embeddable":true,"href":"https:\/\/www.melgacoradical.com\/en\/wp-json\/wp\/v2\/pages\/22"}],"wp:attachment":[{"href":"https:\/\/www.melgacoradical.com\/en\/wp-json\/wp\/v2\/media?parent=14"}],"curies":[{"name":"wp","href":"https:\/\/api.w.org\/{rel}","templated":true}]}}