{"id":115,"date":"2021-04-19T14:25:04","date_gmt":"2021-04-19T13:25:04","guid":{"rendered":"https:\/\/www.melgacoradical.com\/?page_id=115"},"modified":"2021-06-25T16:08:07","modified_gmt":"2021-06-25T15:08:07","slug":"ral","status":"publish","type":"page","link":"https:\/\/www.melgacoradical.com\/en\/ral\/","title":{"rendered":"Alternative Resolution of Consumer Disputes"},"content":{"rendered":"<div class=\"wp-block-group\"><div class=\"wp-block-group__inner-container is-layout-flow wp-block-group-is-layout-flow\">\n<p>A Lei n.\u00ba 144\/2015, de 8 de setembro, que veio transpor a Diretiva 2013\/11\/EU, do Parlamento Europeu e do Conselho, de 21 de maio, sobre a resolu\u00e7\u00e3o alternativa de lit\u00edgios de consumo e que estabelece o enquadramento jur\u00eddico dos mecanismos de resolu\u00e7\u00e3o extrajudicial de lit\u00edgios de consumo, cria em Portugal a Rede de Arbitragem de Consumo.<\/p>\n\n\n\n<div style=\"height:30px\" aria-hidden=\"true\" class=\"wp-block-spacer\"><\/div>\n\n\n\n<p><strong>O que \u00e9 a Resolu\u00e7\u00e3o Alternativa de Lit\u00edgios de Consumo e o que s\u00e3o Entidades de Resolu\u00e7\u00e3o Alternativa de Lit\u00edgios de Consumo?<\/strong><\/p>\n\n\n\n<p>A Resolu\u00e7\u00e3o Alternativa de Lit\u00edgios de Consumos (RAL) abrange a media\u00e7\u00e3o, a concilia\u00e7\u00e3o e a arbitragem.<br>As entidades RAL s\u00e3o as entidades autorizadas a efetuar a media\u00e7\u00e3o, concilia\u00e7\u00e3o e arbitragem de lit\u00edgios de consumo em Portugal que devem estar inscritas na lista de entidades RAL prevista pela Lei n.\u00ba 144\/2015.<br>S\u00e3o entidades independentes, com pessoal especializado, que, de modo imparcial, por um lado, ajudam o consumidor e a empresa a chegar a uma solu\u00e7\u00e3o amig\u00e1vel por via da media\u00e7\u00e3o ou da concilia\u00e7\u00e3o ou, por outro lado, caso esse acordo n\u00e3o seja alcan\u00e7ado, permitem que seja tomada uma decis\u00e3o por \u00e1rbitros num um processo simples e r\u00e1pido, por via da arbitragem.<\/p>\n\n\n\n<div style=\"height:30px\" aria-hidden=\"true\" class=\"wp-block-spacer\"><\/div>\n\n\n\n<p><strong>Quando posso recorrer \u00e0 resolu\u00e7\u00e3o extrajudicial de lit\u00edgios atrav\u00e9s de uma entidade RAL?<\/strong><\/p>\n\n\n\n<p>Deve sempre contactar primeiro o fornecedor para tentar resolver o problema.No caso de n\u00e3o chegar a acordo pode iniciar o processo contra o fornecedor junto de uma entidade RAL, desde que:<\/p>\n\n\n\n<p>Respeitem a obriga\u00e7\u00f5es contratuais resultante de contratos de compra e venda ou de presta\u00e7\u00f5es de servi\u00e7os;<br>O contrato seja celebrado entre um fornecedor de bens ou prestador de servi\u00e7os e consumidores estabelecidos e residentes, respetivamente, em Portugal e na Uni\u00e3o Europeia.<\/p>\n<\/div><\/div>\n\n\n\n<div class=\"wp-block-group margin-right\"><div class=\"wp-block-group__inner-container is-layout-flow wp-block-group-is-layout-flow\">\n<p><strong>Quais as entidades de Resolu\u00e7\u00e3o Alternativa de lit\u00edgios de Consumo e a quais \u00e9 que posso recorrer por causa de um lit\u00edgio referente ao meu contrato com a Melga\u00e7o Radical?<\/strong><\/p>\n\n\n\n<p>A Dire\u00e7\u00e3o-Geral do Consumidor \u00e9 a autoridade nacional competente para organizar a inscri\u00e7\u00e3o e a divulga\u00e7\u00e3o da lista de entidades RAL.<br>Assim, dever\u00e1 consultar em www.consumidor.pt a lista atualizada de entidades RAL, bem como os tipos de lit\u00edgio abrangidos.<\/p>\n\n\n\n<p>A Melga\u00e7o Radical, de acordo com o previsto na Lei n.\u00ba 23\/96, de 26 de julho, est\u00e1 sujeita a arbitragem necess\u00e1ria quando, por op\u00e7\u00e3o expressa dos utentes que sejam pessoas singulares, os lit\u00edgios de consumo sejam submetidos \u00e0 aprecia\u00e7\u00e3o do tribunal arbitral dos centros de arbitragem de conflitos de consumo legalmente autorizados.<\/p>\n\n\n\n<p>Os centros de arbitragem de consumo, que constituem entidades de Resolu\u00e7\u00e3o Alternativa de Lit\u00edgios, e aos quais que a Valados de Melga\u00e7o, Lda. est\u00e1 vinculada, eram em Mar\u00e7o de 2016 as que constam na seguinte lista:<\/p>\n\n\n\n<div style=\"height:30px\" aria-hidden=\"true\" class=\"wp-block-spacer\"><\/div>\n\n\n\n<p><strong>CIAB \u2013 Centro de Informa\u00e7\u00e3o, Media\u00e7\u00e3o e Arbitragem de Consumo<\/strong><br>Morada: Rua D. Afonso Henriques, n.\u00ba1, 4700-030 Braga<br>Telefone: 253 617 604 Fax: 253 617 605<br>Correio Eletr\u00f3nico: geral@ciab.pt<br>S\u00edtio de internet: www.ciab.pt<\/p>\n<\/div><\/div>","protected":false},"excerpt":{"rendered":"<p>A Lei n.\u00ba 144\/2015, de 8 de setembro, que veio transpor a Diretiva 2013\/11\/EU, do Parlamento Europeu e do Conselho, de 21 de maio, sobre a resolu\u00e7\u00e3o alternativa de lit\u00edgios de consumo e que estabelece o enquadramento jur\u00eddico dos mecanismos de resolu\u00e7\u00e3o extrajudicial de lit\u00edgios de consumo, cria em Portugal a Rede de Arbitragem de [&hellip;]<\/p>","protected":false},"author":1,"featured_media":1096,"parent":0,"menu_order":8,"comment_status":"closed","ping_status":"closed","template":"","meta":{"_joinchat":[],"footnotes":""},"class_list":["post-115","page","type-page","status-publish","has-post-thumbnail","hentry"],"blocksy_meta":[],"yoast_head":"<!-- This site is optimized with the Yoast SEO plugin v21.9.1 - https:\/\/yoast.com\/wordpress\/plugins\/seo\/ -->\n<title>Resolu\u00e7\u00e3o Alternativa de Lit\u00edgios de Consumo | Melga\u00e7o Radical<\/title>\n<meta name=\"description\" content=\"Explore o emocionante mundo do Resolu\u00e7\u00e3o Alternativa de Lit\u00edgios de Consumo com a Melga\u00e7o Radical! Aventuras inesquec\u00edveis em Melga\u00e7o e no rio Minho, perfeitas para todas as idades.\" \/>\n<meta name=\"robots\" content=\"index, follow, max-snippet:-1, max-image-preview:large, max-video-preview:-1\" \/>\n<link rel=\"canonical\" href=\"https:\/\/www.melgacoradical.com\/en\/ral\/\" \/>\n<meta property=\"og:locale\" content=\"en_GB\" \/>\n<meta property=\"og:type\" content=\"article\" \/>\n<meta property=\"og:title\" content=\"Resolu\u00e7\u00e3o Alternativa de Lit\u00edgios de Consumo | Melga\u00e7o Radical\" \/>\n<meta property=\"og:description\" content=\"Explore o emocionante mundo do Resolu\u00e7\u00e3o Alternativa de Lit\u00edgios de Consumo com a Melga\u00e7o Radical! Aventuras inesquec\u00edveis em Melga\u00e7o e no rio Minho, perfeitas para todas as idades.\" \/>\n<meta property=\"og:url\" content=\"https:\/\/www.melgacoradical.com\/en\/ral\/\" \/>\n<meta property=\"og:site_name\" content=\"Melga\u00e7o Radical\" \/>\n<meta property=\"article:publisher\" content=\"https:\/\/www.facebook.com\/melgacoradical\/\" \/>\n<meta property=\"article:modified_time\" content=\"2021-06-25T15:08:07+00:00\" \/>\n<meta property=\"og:image\" content=\"https:\/\/www.melgacoradical.com\/wp-content\/uploads\/2021\/06\/MicrosoftTeams-image-2.jpg\" \/>\n\t<meta property=\"og:image:width\" content=\"2160\" \/>\n\t<meta property=\"og:image:height\" content=\"1440\" \/>\n\t<meta property=\"og:image:type\" content=\"image\/jpeg\" \/>\n<meta name=\"twitter:card\" content=\"summary_large_image\" \/>\n<meta name=\"twitter:label1\" content=\"Estimated reading time\" \/>\n\t<meta name=\"twitter:data1\" content=\"3 minutes\" \/>\n<!-- \/ Yoast SEO plugin. -->","yoast_head_json":{"title":"Resolu\u00e7\u00e3o Alternativa de Lit\u00edgios de Consumo | Melga\u00e7o Radical","description":"Explore o emocionante mundo do Resolu\u00e7\u00e3o Alternativa de Lit\u00edgios de Consumo com a Melga\u00e7o Radical! Aventuras inesquec\u00edveis em Melga\u00e7o e no rio Minho, perfeitas para todas as idades.","robots":{"index":"index","follow":"follow","max-snippet":"max-snippet:-1","max-image-preview":"max-image-preview:large","max-video-preview":"max-video-preview:-1"},"canonical":"https:\/\/www.melgacoradical.com\/en\/ral\/","og_locale":"en_GB","og_type":"article","og_title":"Resolu\u00e7\u00e3o Alternativa de Lit\u00edgios de Consumo | Melga\u00e7o Radical","og_description":"Explore o emocionante mundo do Resolu\u00e7\u00e3o Alternativa de Lit\u00edgios de Consumo com a Melga\u00e7o Radical! Aventuras inesquec\u00edveis em Melga\u00e7o e no rio Minho, perfeitas para todas as idades.","og_url":"https:\/\/www.melgacoradical.com\/en\/ral\/","og_site_name":"Melga\u00e7o Radical","article_publisher":"https:\/\/www.facebook.com\/melgacoradical\/","article_modified_time":"2021-06-25T15:08:07+00:00","og_image":[{"width":2160,"height":1440,"url":"https:\/\/www.melgacoradical.com\/wp-content\/uploads\/2021\/06\/MicrosoftTeams-image-2.jpg","type":"image\/jpeg"}],"twitter_card":"summary_large_image","twitter_misc":{"Estimated reading time":"3 minutes"},"schema":{"@context":"https:\/\/schema.org","@graph":[{"@type":"WebPage","@id":"https:\/\/www.melgacoradical.com\/ral\/","url":"https:\/\/www.melgacoradical.com\/ral\/","name":"Resolu\u00e7\u00e3o Alternativa de Lit\u00edgios de Consumo | Melga\u00e7o Radical","isPartOf":{"@id":"https:\/\/www.melgacoradical.com\/#website"},"datePublished":"2021-04-19T13:25:04+00:00","dateModified":"2021-06-25T15:08:07+00:00","description":"Explore o emocionante mundo do Resolu\u00e7\u00e3o Alternativa de Lit\u00edgios de Consumo com a Melga\u00e7o Radical! Aventuras inesquec\u00edveis em Melga\u00e7o e no rio Minho, perfeitas para todas as idades.","breadcrumb":{"@id":"https:\/\/www.melgacoradical.com\/ral\/#breadcrumb"},"inLanguage":"en-GB","potentialAction":[{"@type":"ReadAction","target":["https:\/\/www.melgacoradical.com\/ral\/"]}]},{"@type":"BreadcrumbList","@id":"https:\/\/www.melgacoradical.com\/ral\/#breadcrumb","itemListElement":[{"@type":"ListItem","position":1,"name":"In\u00edcio","item":"https:\/\/www.melgacoradical.com\/"},{"@type":"ListItem","position":2,"name":"Resolu\u00e7\u00e3o Alternativa de Lit\u00edgios de Consumo"}]},{"@type":"WebSite","@id":"https:\/\/www.melgacoradical.com\/#website","url":"https:\/\/www.melgacoradical.com\/","name":"Melga\u00e7o Radical","description":"Onde a Aventura Come\u00e7a","publisher":{"@id":"https:\/\/www.melgacoradical.com\/#organization"},"potentialAction":[{"@type":"SearchAction","target":{"@type":"EntryPoint","urlTemplate":"https:\/\/www.melgacoradical.com\/?s={search_term_string}"},"query-input":"required name=search_term_string"}],"inLanguage":"en-GB"},{"@type":"Organization","@id":"https:\/\/www.melgacoradical.com\/#organization","name":"Melga\u00e7o Radical","url":"https:\/\/www.melgacoradical.com\/","logo":{"@type":"ImageObject","inLanguage":"en-GB","@id":"https:\/\/www.melgacoradical.com\/#\/schema\/logo\/image\/","url":"https:\/\/www.melgacoradical.com\/wp-content\/uploads\/2021\/08\/Screenshot_1.jpg","contentUrl":"https:\/\/www.melgacoradical.com\/wp-content\/uploads\/2021\/08\/Screenshot_1.jpg","width":798,"height":521,"caption":"Melga\u00e7o Radical"},"image":{"@id":"https:\/\/www.melgacoradical.com\/#\/schema\/logo\/image\/"},"sameAs":["https:\/\/www.facebook.com\/melgacoradical\/","https:\/\/www.instagram.com\/melgacoradical\/"]}]}},"_links":{"self":[{"href":"https:\/\/www.melgacoradical.com\/en\/wp-json\/wp\/v2\/pages\/115","targetHints":{"allow":["GET"]}}],"collection":[{"href":"https:\/\/www.melgacoradical.com\/en\/wp-json\/wp\/v2\/pages"}],"about":[{"href":"https:\/\/www.melgacoradical.com\/en\/wp-json\/wp\/v2\/types\/page"}],"author":[{"embeddable":true,"href":"https:\/\/www.melgacoradical.com\/en\/wp-json\/wp\/v2\/users\/1"}],"replies":[{"embeddable":true,"href":"https:\/\/www.melgacoradical.com\/en\/wp-json\/wp\/v2\/comments?post=115"}],"version-history":[{"count":0,"href":"https:\/\/www.melgacoradical.com\/en\/wp-json\/wp\/v2\/pages\/115\/revisions"}],"wp:featuredmedia":[{"embeddable":true,"href":"https:\/\/www.melgacoradical.com\/en\/wp-json\/wp\/v2\/media\/1096"}],"wp:attachment":[{"href":"https:\/\/www.melgacoradical.com\/en\/wp-json\/wp\/v2\/media?parent=115"}],"curies":[{"name":"wp","href":"https:\/\/api.w.org\/{rel}","templated":true}]}}