{"id":113,"date":"2021-04-19T14:24:17","date_gmt":"2021-04-19T13:24:17","guid":{"rendered":"https:\/\/www.melgacoradical.com\/?page_id=113"},"modified":"2021-06-25T16:07:58","modified_gmt":"2021-06-25T15:07:58","slug":"politica-de-privacidade","status":"publish","type":"page","link":"https:\/\/www.melgacoradical.com\/en\/politica-de-privacidade\/","title":{"rendered":"Privacy Policy"},"content":{"rendered":"<div class=\"wp-block-group\"><div class=\"wp-block-group__inner-container is-layout-flow wp-block-group-is-layout-flow\">\n<p>A pol\u00edtica de privacidade seguidamente exposta descreve o tratamento dos dados facultados nas visitas ao site&nbsp;melgacoradical.com,&nbsp;a forma como s\u00e3o armazenados,&nbsp;os direitos dos utilizadores&nbsp;e quais as medidas de seguran\u00e7a&nbsp;adotadas para a prote\u00e7\u00e3o dos mesmos.&nbsp;<\/p>\n\n\n\n<p>A&nbsp;Melga\u00e7o Radical \u00e9 respons\u00e1vel pelo tratamento da informa\u00e7\u00e3o recolhida, garantindo que \u00e9 tratada \u00e0 luz do disposto na legisla\u00e7\u00e3o nacional em vigor e no Regulamento UE n.\u00ba 2016\/679 do Parlamento Europeu e do Conselho, de 27 de&nbsp;abril&nbsp;de 2016.&nbsp;<\/p>\n\n\n\n<p>Ao usar este site (melgacoradical.com), concorda com o uso que poderemos fazer da informa\u00e7\u00e3o pessoal que nos seja submetida e\/ou recolhida, efetuado no \u00e2mbito e nos termos da presente pol\u00edtica de privacidade.&nbsp;<\/p>\n\n\n\n<div style=\"height:30px\" aria-hidden=\"true\" class=\"wp-block-spacer\"><\/div>\n\n\n\n<p><strong>1. Identifica\u00e7\u00e3o da empresa&nbsp;<\/strong><\/p>\n\n\n\n<p>A Melga\u00e7o Radical&nbsp;tem sede na Rua da Casa do Povo n.\u00ba10, 4960-564, concelho de Melga\u00e7o e NIPC 509093957.&nbsp;<\/p>\n\n\n\n<p>Contactos telef\u00f3nicos:&nbsp;251 402 155&nbsp;e 967 006 347<\/p>\n\n\n\n<p>Email:&nbsp;<a href=\"mailto:geral@valadosdemelgaco.pt\"><\/a><a href=\"mailto:geral@melgacoradical.com\"><\/a><a href=\"mailto:geral@melgacoradical.com\" class=\"rank-math-link\">geral@melgacoradical.com<\/a><\/p>\n<\/div><\/div>\n\n\n\n<div class=\"wp-block-group\"><div class=\"wp-block-group__inner-container is-layout-flow wp-block-group-is-layout-flow\">\n<p><strong>2. Compromisso<\/strong><\/p>\n\n\n\n<p>A\u202fMelga\u00e7o Radical assume o compromisso de respeitar a legisla\u00e7\u00e3o em vigor relativa \u00e0 prote\u00e7\u00e3o de dados pessoais.&nbsp;<\/p>\n\n\n\n<p>O utilizador pode&nbsp;aceder aos seus dados em linha ou, se pretender, solicitar o acesso por escrito, verificar a sua corre\u00e7\u00e3o e, se necess\u00e1rio, retific\u00e1-los. Para isso, dever\u00e1 contactar\u202f<a href=\"mailto:geral@valadosdemelgaco.pt\" target=\"_blank\" rel=\"noreferrer noopener\"><\/a><a href=\"mailto:geral@melgacoradical.com\"><\/a><a href=\"mailto:geral@melgacoradical.com\" class=\"rank-math-link\">geral@melgacoradical.com<\/a>.&nbsp;<\/p>\n\n\n\n<p>A\u202fMelga\u00e7o Radical\u202fassume, ainda, o compromisso de adotar as medidas de seguran\u00e7a necess\u00e1rias de forma a garantir a prote\u00e7\u00e3o dos dados pessoais dos utilizadores contra o seu eventual uso abusivo ou contra o acesso n\u00e3o autorizado.&nbsp;<\/p>\n\n\n\n<p>Ao registar-se, o utilizador assume o compromisso de&nbsp;fornecer \u00e0\u202fMelga\u00e7o Radical\u202finforma\u00e7\u00e3o rigorosa&nbsp;e completa, nomeadamente o endere\u00e7o de correio eletr\u00f3nico,&nbsp;e a notificar a\u202fMelga\u00e7o Radical\u202fcaso haja qualquer altera\u00e7\u00e3o \u00e0s informa\u00e7\u00f5es fornecidas.&nbsp;<\/p>\n\n\n\n<div style=\"height:30px\" aria-hidden=\"true\" class=\"wp-block-spacer\"><\/div>\n\n\n\n<p><strong>3. Consentimento<\/strong><\/p>\n\n\n\n<p>Ao fornecer&nbsp;informa\u00e7\u00f5es&nbsp;pessoais&nbsp;atrav\u00e9s&nbsp;do website,&nbsp;o utilizador&nbsp;aceita e compreende&nbsp;inequivocamente a transfer\u00eancia, recolha e processamento dessas informa\u00e7\u00f5es, nos termos previstos nesta&nbsp;pol\u00edtica&nbsp;de&nbsp;privacidade.&nbsp;<\/p>\n\n\n\n<p>A&nbsp;Melga\u00e7o Radical&nbsp;informa que todos os websites vinculados a este n\u00e3o&nbsp;s\u00e3o&nbsp;regidos por esta pol\u00edtica.&nbsp;&nbsp;<\/p>\n<\/div><\/div>\n\n\n\n<div class=\"wp-block-group\"><div class=\"wp-block-group__inner-container is-layout-flow wp-block-group-is-layout-flow\">\n<p><strong>4. Recolha de dados pessoais e finalidade&nbsp;<\/strong><\/p>\n\n\n\n<p>Os objetivos primordiais da recolha de dados prendem-se com a gest\u00e3o do&nbsp;registo de&nbsp;utilizadores, gest\u00e3o da&nbsp;compra de&nbsp;produtos&nbsp;e servi\u00e7os, gest\u00e3o das necessidades e interesses dos&nbsp;clientes\/utilizadores,&nbsp;resposta&nbsp;a&nbsp;quest\u00f5es, gest\u00e3o das incid\u00eancias relacionadas com os pedidos e envio&nbsp;da informa\u00e7\u00e3o solicitada atrav\u00e9s&nbsp;de formul\u00e1rios&nbsp;ou newsletters.&nbsp;<\/p>\n\n\n\n<p>Os dados pessoais recolhidos&nbsp;s\u00e3o os seguintes: nome, data de nascimento, contacto telef\u00f3nico, n\u00famero de identifica\u00e7\u00e3o fiscal, morada,&nbsp;endere\u00e7o de correio eletr\u00f3nico, endere\u00e7o de IP e&nbsp;Curriculum vit\u00e6.&nbsp;&nbsp;<\/p>\n\n\n\n<p>Informa\u00e7\u00e3o sens\u00edvel&nbsp;como&nbsp;ra\u00e7a,&nbsp;origem \u00e9tnica,&nbsp;cren\u00e7as religiosas,&nbsp;orienta\u00e7\u00e3o sexual, ideologia pol\u00edtica&nbsp;e&nbsp;registo criminal&nbsp;n\u00e3o \u00e9 recolhida.&nbsp;<\/p>\n\n\n\n<p>S\u00f3 \u00e9 poss\u00edvel aceder a determinadas \u00e1reas do website atrav\u00e9s do registo do utilizador. A informa\u00e7\u00e3o pessoal e outra recolhida aquando do registo destina-se exclusivamente a uso administrativo e inform\u00e1tico.&nbsp;<\/p>\n\n\n\n<p>Os dados recolhidos apenas ser\u00e3o utilizados se verificada uma das seguintes condi\u00e7\u00f5es:&nbsp;<\/p>\n\n\n\n<ul class=\"wp-block-list\"><li>Prestou consentimento atrav\u00e9s da assinatura ou aceita\u00e7\u00e3o de um formul\u00e1rio digital ou em papel;&nbsp;<\/li><li>Necessidade dos dados fornecidos&nbsp;para o cumprimento de um contrato&nbsp;ou obriga\u00e7\u00f5es legais;&nbsp;<\/li><li>Garantia dos&nbsp;interesses leg\u00edtimos&nbsp;Melga\u00e7o Radical, desde que estejam garantidos os interesses, direitos, liberdades e garantias do titular dos mesmos.&nbsp;<\/li><\/ul>\n<\/div><\/div>\n\n\n\n<div class=\"wp-block-group\"><div class=\"wp-block-group__inner-container is-layout-flow wp-block-group-is-layout-flow\">\n<p><strong>5. Informa\u00e7\u00e3o autom\u00e1tica&nbsp;&nbsp;&nbsp;<\/strong><\/p>\n\n\n\n<p>A informa\u00e7\u00e3o contida nos registos inclui o endere\u00e7o IP (internet&nbsp;protocol), o ISP (internet&nbsp;service&nbsp;provider), o browser utilizado para visitar&nbsp;o website, o tempo de visita e quais as p\u00e1ginas&nbsp;visualizadas.&nbsp;<\/p>\n\n\n\n<div style=\"height:30px\" aria-hidden=\"true\" class=\"wp-block-spacer\"><\/div>\n\n\n\n<p><strong>6. Disponibiliza\u00e7\u00e3o de dados a terceiros&nbsp;&nbsp;&nbsp;<\/strong><\/p>\n\n\n\n<p>A&nbsp;Melga\u00e7o Radical&nbsp;pode&nbsp;recorrer a outras empresas ou indiv\u00edduos para gerir pedidos de informa\u00e7\u00e3o,&nbsp;realizar&nbsp;atividades comerciais&nbsp;ou efetuar a manuten\u00e7\u00e3o do&nbsp;website. Pode, portanto,&nbsp;disponibilizar&nbsp;a terceiros&nbsp;o&nbsp;acesso aos&nbsp;dados pessoais&nbsp;dos utilizadores, garantindo:&nbsp;<\/p>\n\n\n\n<ul class=\"wp-block-list\"><li>a finalidade da recolha;&nbsp;<\/li><li>a conformidade com os fins descritos nesta pol\u00edtica;&nbsp;<\/li><li>o recurso a meios de seguran\u00e7a adequados.&nbsp;<\/li><\/ul>\n\n\n\n<div style=\"height:30px\" aria-hidden=\"true\" class=\"wp-block-spacer\"><\/div>\n\n\n\n<p>A&nbsp;Melga\u00e7o Radical&nbsp;pode divulgar os dados pessoais dos utilizadores, em&nbsp;resposta a uma ordem judicial, intima\u00e7\u00e3o, investiga\u00e7\u00e3o&nbsp;do governo ou&nbsp;outra forma permitida&nbsp;pela&nbsp;lei.&nbsp;<\/p>\n\n\n\n<p>N\u00e3o&nbsp;s\u00e3o&nbsp;disponibilizadas&nbsp;informa\u00e7\u00f5es a terceiros para os seus pr\u00f3prios fins de marketing e n\u00e3o&nbsp;s\u00e3o&nbsp;realizadas&nbsp;opera\u00e7\u00f5es de marketing para terceiros.&nbsp;<\/p>\n\n\n\n<p>Toda a partilha de dados \u00e9 feita de acordo com os requisitos do Regulamento Geral de Prote\u00e7\u00e3o de&nbsp;dados&nbsp;e demais legisla\u00e7\u00e3o&nbsp;em vigor.&nbsp;<\/p>\n<\/div><\/div>\n\n\n\n<div class=\"wp-block-group\"><div class=\"wp-block-group__inner-container is-layout-flow wp-block-group-is-layout-flow\">\n<p><strong>7. Armazenamento&nbsp;&nbsp;&nbsp;&nbsp;<\/strong><\/p>\n\n\n\n<p>Os dados recolhidos s\u00e3o armazenados no datacenter&nbsp;que se encontra em territ\u00f3rio&nbsp;nacional e em datacenters da Uni\u00e3o Europeia.&nbsp;<br>A informa\u00e7\u00e3o pessoal \u00e9 guardada pelo per\u00edodo necess\u00e1rio ao cumprimento das finalidades para as quais foi efetuada a recolha. Os dados s\u00e3o&nbsp;eliminados de acordo com a pol\u00edtica de reten\u00e7\u00e3o de dados, com os prazos estipulados&nbsp;na legisla\u00e7\u00e3o em vigor&nbsp;ou at\u00e9 que seja exercido o direito de esquecimento por parte dos utilizadores.&nbsp;<br>No caso dos curr\u00edculos vitae enviados, os dados pessoais s\u00e3o conservados at\u00e9 ao preenchimento da vaga de emprego, at\u00e9 que&nbsp;seja exercido&nbsp;o direito de esquecimento.&nbsp;&nbsp;<\/p>\n\n\n\n<div style=\"height:30px\" aria-hidden=\"true\" class=\"wp-block-spacer\"><\/div>\n\n\n\n<p><strong>8. Seguran\u00e7a&nbsp;<\/strong><\/p>\n\n\n\n<p>A&nbsp;Melga\u00e7o Radical&nbsp;tem implementados padr\u00f5es aceites de tecnologia e seguran\u00e7a, com o intuito de proteger a perda, uso&nbsp;indevido, altera\u00e7\u00e3o ou destrui\u00e7\u00e3o de informa\u00e7\u00f5es pessoais.&nbsp;&nbsp;<\/p>\n\n\n\n<p>A&nbsp;seguran\u00e7a dos dados \u00e9 feita tendo em conta o seguinte:\u202f&nbsp;<\/p>\n\n\n\n<ul class=\"wp-block-list\"><li>uso de encripta\u00e7\u00e3o com certificado em toda a informa\u00e7\u00e3o de\u202fwebsites;&nbsp;<\/li><li>implementa\u00e7\u00e3o de uma pol\u00edtica de seguran\u00e7a interna que abrange os processos de controlo de acesso, configura\u00e7\u00e3o, armazenamento, c\u00f3pia de seguran\u00e7a, suporte, transmiss\u00e3o, auditoria, atualiza\u00e7\u00e3o da infraestrutura tecnol\u00f3gica e pol\u00edtica de autentica\u00e7\u00e3o;\u202f&nbsp;<\/li><li>forma\u00e7\u00e3o e&nbsp;compromisso de confidencialidade&nbsp;dos&nbsp;colaboradores e subcontratados.&nbsp;<\/li><\/ul>\n\n\n\n<div style=\"height:30px\" aria-hidden=\"true\" class=\"wp-block-spacer\"><\/div>\n\n\n\n<p>Ainda assim, nenhuma transmiss\u00e3o via email ou internet \u00e9 totalmente segura e livre de erros, pelo que a Melga\u00e7o Radical&nbsp;aconselha os&nbsp;utilizadores a manterem os dispositivos de acesso ao website sempre atualizados e com sistemas de prote\u00e7\u00e3o.&nbsp;<\/p>\n<\/div><\/div>\n\n\n\n<div class=\"wp-block-group\"><div class=\"wp-block-group__inner-container is-layout-flow wp-block-group-is-layout-flow\">\n<p><strong>9. Exerc\u00edcio de direitos<\/strong><\/p>\n\n\n\n<p>Sempre que os&nbsp;utilizadores&nbsp;considerem&nbsp;oportuno, poder\u00e3o&nbsp;exercer os seguintes direitos:&nbsp;&nbsp;<\/p>\n\n\n\n<ul class=\"wp-block-list\"><li>Solicitar o acesso aos dados pessoais recolhidos e \u00e0s formas de tratamento dos mesmos;&nbsp;<\/li><li>Executar a atualiza\u00e7\u00e3o dos dados pessoais;&nbsp;<\/li><li>Solicitar uma c\u00f3pia dos dados;&nbsp;<\/li><li>Retirar o consentimento para a recolha de dados;&nbsp;<\/li><li>Solicitar a elimina\u00e7\u00e3o, portabilidade ou transforma\u00e7\u00e3o dos dados pessoais em an\u00f3nimos (desde que j\u00e1 n\u00e3o sejam necess\u00e1rios para a finalidade que foram recolhidos);&nbsp;<\/li><li>Opor-se \u00e0 utiliza\u00e7\u00e3o dos dados para efeitos de marketing.&nbsp;<\/li><\/ul>\n\n\n\n<div style=\"height:30px\" aria-hidden=\"true\" class=\"wp-block-spacer\"><\/div>\n\n\n\n<p>Todas as quest\u00f5es relacionadas com a utiliza\u00e7\u00e3o dos\u202fdados pessoais, pedidos de portabilidade, restri\u00e7\u00f5es de acesso&nbsp;e esquecimento de dados poder\u00e3o ser feitas atrav\u00e9s do email:\u202f<a href=\"mailto:geral@valadosdemelgaco.pt\" target=\"_blank\" rel=\"noreferrer noopener\"><\/a><a href=\"mailto:geral@melgacoradical.com\"><\/a><a href=\"mailto:geral@melgacoradical.com\" class=\"rank-math-link\">geral@melgacoradical.com<\/a>&nbsp;<\/p>\n\n\n\n<p>Caso&nbsp;os utilizadores estejam&nbsp;insatisfeitos&nbsp;com a utiliza\u00e7\u00e3o dos dados pessoais ou com a resposta da&nbsp;Melga\u00e7o Radical,&nbsp;t\u00eam o direito de apresentar reclama\u00e7\u00e3o junto&nbsp;Comiss\u00e3o Nacional de Prote\u00e7\u00e3o de Dados \u2013 CNPD.&nbsp;<\/p>\n\n\n\n<p>Morada: Rua de S\u00e3o Bento, n.\u00ba 148, 3\u00ba, 1200-821 Lisboa.&nbsp;<br>Telefone: +351 213928400&nbsp;<br>Fax: +351 213976832&nbsp;<br>e-mail:\u202f<a href=\"mailto:geral@cnpd.pt\" target=\"_blank\" rel=\"noreferrer noopener\">geral@cnpd.pt<\/a>&nbsp;<\/p>\n<\/div><\/div>\n\n\n\n<div class=\"wp-block-group margin-right\"><div class=\"wp-block-group__inner-container is-layout-flow wp-block-group-is-layout-flow\">\n<p><strong>10. Altera\u00e7\u00e3o e revis\u00e3o da pol\u00edtica<\/strong><\/p>\n\n\n\n<p>A&nbsp;Melga\u00e7o Radical&nbsp;reserva-se o direito de alterar&nbsp;esta pol\u00edtica sem aviso pr\u00e9vio, pelo que aconselha que seja consultada sempre que forem efetuadas visitas ao website.&nbsp;<br>A pol\u00edtica de privacidade foi revista em junho de 2021.&nbsp;<\/p>\n<\/div><\/div>","protected":false},"excerpt":{"rendered":"<p>A pol\u00edtica de privacidade seguidamente exposta descreve o tratamento dos dados facultados nas visitas ao site&nbsp;melgacoradical.com,&nbsp;a forma como s\u00e3o armazenados,&nbsp;os direitos dos utilizadores&nbsp;e quais as medidas de seguran\u00e7a&nbsp;adotadas para a prote\u00e7\u00e3o dos mesmos.&nbsp; A&nbsp;Melga\u00e7o Radical \u00e9 respons\u00e1vel pelo tratamento da informa\u00e7\u00e3o recolhida, garantindo que \u00e9 tratada \u00e0 luz do disposto na legisla\u00e7\u00e3o nacional em vigor [&hellip;]<\/p>","protected":false},"author":1,"featured_media":1094,"parent":0,"menu_order":7,"comment_status":"closed","ping_status":"closed","template":"","meta":{"_joinchat":[],"footnotes":""},"class_list":["post-113","page","type-page","status-publish","has-post-thumbnail","hentry"],"blocksy_meta":[],"yoast_head":"<!-- This site is optimized with the Yoast SEO plugin v21.9.1 - https:\/\/yoast.com\/wordpress\/plugins\/seo\/ -->\n<title>Pol\u00edtica de Privacidade | Melga\u00e7o Radical<\/title>\n<meta name=\"description\" content=\"Explore o emocionante mundo do Pol\u00edtica de Privacidade com a Melga\u00e7o Radical! Aventuras inesquec\u00edveis em Melga\u00e7o e no rio Minho, perfeitas para todas as idades.\" \/>\n<meta name=\"robots\" content=\"index, follow, max-snippet:-1, max-image-preview:large, max-video-preview:-1\" \/>\n<link rel=\"canonical\" href=\"https:\/\/www.melgacoradical.com\/en\/politica-de-privacidade\/\" \/>\n<meta property=\"og:locale\" content=\"en_GB\" \/>\n<meta property=\"og:type\" content=\"article\" \/>\n<meta property=\"og:title\" content=\"Pol\u00edtica de Privacidade | Melga\u00e7o Radical\" \/>\n<meta property=\"og:description\" content=\"Explore o emocionante mundo do Pol\u00edtica de Privacidade com a Melga\u00e7o Radical! Aventuras inesquec\u00edveis em Melga\u00e7o e no rio Minho, perfeitas para todas as idades.\" \/>\n<meta property=\"og:url\" content=\"https:\/\/www.melgacoradical.com\/en\/politica-de-privacidade\/\" \/>\n<meta property=\"og:site_name\" content=\"Melga\u00e7o Radical\" \/>\n<meta property=\"article:publisher\" content=\"https:\/\/www.facebook.com\/melgacoradical\/\" \/>\n<meta property=\"article:modified_time\" content=\"2021-06-25T15:07:58+00:00\" \/>\n<meta property=\"og:image\" content=\"https:\/\/www.melgacoradical.com\/wp-content\/uploads\/2021\/06\/photo-1590856029826-c7a73142bbf1.jpg\" \/>\n\t<meta property=\"og:image:width\" content=\"2167\" \/>\n\t<meta property=\"og:image:height\" content=\"1440\" \/>\n\t<meta property=\"og:image:type\" content=\"image\/jpeg\" \/>\n<meta name=\"twitter:card\" content=\"summary_large_image\" \/>\n<meta name=\"twitter:label1\" content=\"Estimated reading time\" \/>\n\t<meta name=\"twitter:data1\" content=\"7 minutes\" \/>\n<!-- \/ Yoast SEO plugin. -->","yoast_head_json":{"title":"Pol\u00edtica de Privacidade | Melga\u00e7o Radical","description":"Explore o emocionante mundo do Pol\u00edtica de Privacidade com a Melga\u00e7o Radical! Aventuras inesquec\u00edveis em Melga\u00e7o e no rio Minho, perfeitas para todas as idades.","robots":{"index":"index","follow":"follow","max-snippet":"max-snippet:-1","max-image-preview":"max-image-preview:large","max-video-preview":"max-video-preview:-1"},"canonical":"https:\/\/www.melgacoradical.com\/en\/politica-de-privacidade\/","og_locale":"en_GB","og_type":"article","og_title":"Pol\u00edtica de Privacidade | Melga\u00e7o Radical","og_description":"Explore o emocionante mundo do Pol\u00edtica de Privacidade com a Melga\u00e7o Radical! Aventuras inesquec\u00edveis em Melga\u00e7o e no rio Minho, perfeitas para todas as idades.","og_url":"https:\/\/www.melgacoradical.com\/en\/politica-de-privacidade\/","og_site_name":"Melga\u00e7o Radical","article_publisher":"https:\/\/www.facebook.com\/melgacoradical\/","article_modified_time":"2021-06-25T15:07:58+00:00","og_image":[{"width":2167,"height":1440,"url":"https:\/\/www.melgacoradical.com\/wp-content\/uploads\/2021\/06\/photo-1590856029826-c7a73142bbf1.jpg","type":"image\/jpeg"}],"twitter_card":"summary_large_image","twitter_misc":{"Estimated reading time":"7 minutes"},"schema":{"@context":"https:\/\/schema.org","@graph":[{"@type":"WebPage","@id":"https:\/\/www.melgacoradical.com\/politica-de-privacidade\/","url":"https:\/\/www.melgacoradical.com\/politica-de-privacidade\/","name":"Pol\u00edtica de Privacidade | Melga\u00e7o Radical","isPartOf":{"@id":"https:\/\/www.melgacoradical.com\/#website"},"datePublished":"2021-04-19T13:24:17+00:00","dateModified":"2021-06-25T15:07:58+00:00","description":"Explore o emocionante mundo do Pol\u00edtica de Privacidade com a Melga\u00e7o Radical! Aventuras inesquec\u00edveis em Melga\u00e7o e no rio Minho, perfeitas para todas as idades.","breadcrumb":{"@id":"https:\/\/www.melgacoradical.com\/politica-de-privacidade\/#breadcrumb"},"inLanguage":"en-GB","potentialAction":[{"@type":"ReadAction","target":["https:\/\/www.melgacoradical.com\/politica-de-privacidade\/"]}]},{"@type":"BreadcrumbList","@id":"https:\/\/www.melgacoradical.com\/politica-de-privacidade\/#breadcrumb","itemListElement":[{"@type":"ListItem","position":1,"name":"In\u00edcio","item":"https:\/\/www.melgacoradical.com\/"},{"@type":"ListItem","position":2,"name":"Pol\u00edtica de Privacidade"}]},{"@type":"WebSite","@id":"https:\/\/www.melgacoradical.com\/#website","url":"https:\/\/www.melgacoradical.com\/","name":"Melga\u00e7o Radical","description":"Onde a Aventura Come\u00e7a","publisher":{"@id":"https:\/\/www.melgacoradical.com\/#organization"},"potentialAction":[{"@type":"SearchAction","target":{"@type":"EntryPoint","urlTemplate":"https:\/\/www.melgacoradical.com\/?s={search_term_string}"},"query-input":"required name=search_term_string"}],"inLanguage":"en-GB"},{"@type":"Organization","@id":"https:\/\/www.melgacoradical.com\/#organization","name":"Melga\u00e7o Radical","url":"https:\/\/www.melgacoradical.com\/","logo":{"@type":"ImageObject","inLanguage":"en-GB","@id":"https:\/\/www.melgacoradical.com\/#\/schema\/logo\/image\/","url":"https:\/\/www.melgacoradical.com\/wp-content\/uploads\/2021\/08\/Screenshot_1.jpg","contentUrl":"https:\/\/www.melgacoradical.com\/wp-content\/uploads\/2021\/08\/Screenshot_1.jpg","width":798,"height":521,"caption":"Melga\u00e7o Radical"},"image":{"@id":"https:\/\/www.melgacoradical.com\/#\/schema\/logo\/image\/"},"sameAs":["https:\/\/www.facebook.com\/melgacoradical\/","https:\/\/www.instagram.com\/melgacoradical\/"]}]}},"_links":{"self":[{"href":"https:\/\/www.melgacoradical.com\/en\/wp-json\/wp\/v2\/pages\/113","targetHints":{"allow":["GET"]}}],"collection":[{"href":"https:\/\/www.melgacoradical.com\/en\/wp-json\/wp\/v2\/pages"}],"about":[{"href":"https:\/\/www.melgacoradical.com\/en\/wp-json\/wp\/v2\/types\/page"}],"author":[{"embeddable":true,"href":"https:\/\/www.melgacoradical.com\/en\/wp-json\/wp\/v2\/users\/1"}],"replies":[{"embeddable":true,"href":"https:\/\/www.melgacoradical.com\/en\/wp-json\/wp\/v2\/comments?post=113"}],"version-history":[{"count":0,"href":"https:\/\/www.melgacoradical.com\/en\/wp-json\/wp\/v2\/pages\/113\/revisions"}],"wp:featuredmedia":[{"embeddable":true,"href":"https:\/\/www.melgacoradical.com\/en\/wp-json\/wp\/v2\/media\/1094"}],"wp:attachment":[{"href":"https:\/\/www.melgacoradical.com\/en\/wp-json\/wp\/v2\/media?parent=113"}],"curies":[{"name":"wp","href":"https:\/\/api.w.org\/{rel}","templated":true}]}}