{"id":111,"date":"2021-04-19T14:24:11","date_gmt":"2021-04-19T13:24:11","guid":{"rendered":"https:\/\/www.melgacoradical.com\/?page_id=111"},"modified":"2021-06-25T16:07:28","modified_gmt":"2021-06-25T15:07:28","slug":"condicoes-de-utilizacao","status":"publish","type":"page","link":"https:\/\/www.melgacoradical.com\/en\/condicoes-de-utilizacao\/","title":{"rendered":"Conditions of Use"},"content":{"rendered":"<div class=\"wp-block-group margin-right\"><div class=\"wp-block-group__inner-container is-layout-flow wp-block-group-is-layout-flow\">\n<p>A informa\u00e7\u00e3o disponibilizada no website&nbsp;melgacoradical.com&nbsp;pode ser visualizada, copiada, impressa e distribu\u00edda exclusivamente para uso n\u00e3o comercial, e desde que contenha em todas as c\u00f3pias, o aviso legal de copyright.&nbsp;Esta informa\u00e7\u00e3o pode,&nbsp;tamb\u00e9m,&nbsp;ser utilizada tendo como finalidade efetuar um pedido de compra.&nbsp;&nbsp;<\/p>\n\n\n\n<p>O conte\u00fado deste site n\u00e3o poder\u00e1 ser modificado ou reinterpretado de forma a ficar protegido sob outro copyright, patente, marca ou registo de propriedade&nbsp;intelectual&nbsp;que n\u00e3o perten\u00e7a \u00e0&nbsp;Melga\u00e7o Radical.&nbsp;<\/p>\n\n\n\n<p>A informa\u00e7\u00e3o disponibilizada no website&nbsp;melgacoradical.com&nbsp;pode conter alguma imprecis\u00e3o t\u00e9cnica ou erro tipogr\u00e1fico. Consequentemente,&nbsp;a Melga\u00e7o Radical&nbsp;n\u00e3o assume responsabilidade, sob qualquer forma, por qualquer dano direto, indireto, incidental ou colateral resultante da visita \u00e0s suas p\u00e1ginas, nomeadamente a perda de dados, perda de receitas ou outros proveitos, e interrup\u00e7\u00e3o de processos de neg\u00f3cio derivados da utiliza\u00e7\u00e3o ou impossibilidade de utiliza\u00e7\u00e3o da informa\u00e7\u00e3o presente neste site.&nbsp;&nbsp;<\/p>\n\n\n\n<p>A&nbsp;Melga\u00e7o Radical&nbsp;declina, al\u00e9m disso, quaisquer responsabilidades pelos conte\u00fados de sites de terceiros que contenham liga\u00e7\u00f5es a&nbsp;melgacoradical.com&nbsp;e\/ou a partir de&nbsp;melgacoradical.com.&nbsp;<\/p>\n<\/div><\/div>\n\n\n\n<div class=\"wp-block-group margin-right\"><div class=\"wp-block-group__inner-container is-layout-flow wp-block-group-is-layout-flow\">\n<h5 class=\"wp-block-heading\">Copyright<\/h5>\n\n\n\n<p>Todos os elementos contidos nesta edi\u00e7\u00e3o eletr\u00f3nica da&nbsp;Melga\u00e7o Radicalo, nomeadamente textos, fotografias, ilustra\u00e7\u00f5es e outros est\u00e3o protegidos pela lei, ao abrigo do C\u00f3digo dos Direitos de Autor e dos Direitos Conexos.&nbsp;<\/p>\n\n\n\n<p>\u00c9 expressamente proibida a c\u00f3pia, reprodu\u00e7\u00e3o e divulga\u00e7\u00e3o dos textos, fotografias, ilustra\u00e7\u00f5es e outros elementos contidos nesta edi\u00e7\u00e3o eletr\u00f3nica sem autoriza\u00e7\u00e3o expressa da&nbsp;Melga\u00e7o Radical, independentemente dos meios para tal utilizados, com a exce\u00e7\u00e3o do direito de cita\u00e7\u00e3o definido na lei.&nbsp;<\/p>\n\n\n\n<p>\u00c9 expressamente proibido o uso comercial dos elementos contidos na edi\u00e7\u00e3o eletr\u00f3nica da&nbsp;Melga\u00e7o Radical, nomeadamente textos, fotografias, ilustra\u00e7\u00f5es e outros.&nbsp;<\/p>\n\n\n\n<p>A&nbsp;Melga\u00e7o Radical&nbsp;reserva-se o direito de agir judicialmente contra os autores de qualquer c\u00f3pia, reprodu\u00e7\u00e3o, difus\u00e3o ou explora\u00e7\u00e3o comercial n\u00e3o autorizadas dos elementos contidos nesta edi\u00e7\u00e3o eletr\u00f3nica.&nbsp;<\/p>\n<\/div><\/div>","protected":false},"excerpt":{"rendered":"<p>A informa\u00e7\u00e3o disponibilizada no website&nbsp;melgacoradical.com&nbsp;pode ser visualizada, copiada, impressa e distribu\u00edda exclusivamente para uso n\u00e3o comercial, e desde que contenha em todas as c\u00f3pias, o aviso legal de copyright.&nbsp;Esta informa\u00e7\u00e3o pode,&nbsp;tamb\u00e9m,&nbsp;ser utilizada tendo como finalidade efetuar um pedido de compra.&nbsp;&nbsp; O conte\u00fado deste site n\u00e3o poder\u00e1 ser modificado ou reinterpretado de forma a ficar protegido [&hellip;]<\/p>","protected":false},"author":1,"featured_media":1091,"parent":0,"menu_order":6,"comment_status":"closed","ping_status":"closed","template":"","meta":{"_joinchat":[],"footnotes":""},"class_list":["post-111","page","type-page","status-publish","has-post-thumbnail","hentry"],"blocksy_meta":[],"yoast_head":"<!-- This site is optimized with the Yoast SEO plugin v21.9.1 - https:\/\/yoast.com\/wordpress\/plugins\/seo\/ -->\n<title>Condi\u00e7\u00f5es de Utiliza\u00e7\u00e3o | Melga\u00e7o Radical<\/title>\n<meta name=\"description\" content=\"Explore o emocionante mundo do Condi\u00e7\u00f5es de Utiliza\u00e7\u00e3o com a Melga\u00e7o Radical! Aventuras inesquec\u00edveis em Melga\u00e7o e no rio Minho, perfeitas para todas as idades.\" \/>\n<meta name=\"robots\" content=\"index, follow, max-snippet:-1, max-image-preview:large, max-video-preview:-1\" \/>\n<link rel=\"canonical\" href=\"https:\/\/www.melgacoradical.com\/en\/condicoes-de-utilizacao\/\" \/>\n<meta property=\"og:locale\" content=\"en_GB\" \/>\n<meta property=\"og:type\" content=\"article\" \/>\n<meta property=\"og:title\" content=\"Condi\u00e7\u00f5es de Utiliza\u00e7\u00e3o | Melga\u00e7o Radical\" \/>\n<meta property=\"og:description\" content=\"Explore o emocionante mundo do Condi\u00e7\u00f5es de Utiliza\u00e7\u00e3o com a Melga\u00e7o Radical! Aventuras inesquec\u00edveis em Melga\u00e7o e no rio Minho, perfeitas para todas as idades.\" \/>\n<meta property=\"og:url\" content=\"https:\/\/www.melgacoradical.com\/en\/condicoes-de-utilizacao\/\" \/>\n<meta property=\"og:site_name\" content=\"Melga\u00e7o Radical\" \/>\n<meta property=\"article:publisher\" content=\"https:\/\/www.facebook.com\/melgacoradical\/\" \/>\n<meta property=\"article:modified_time\" content=\"2021-06-25T15:07:28+00:00\" \/>\n<meta property=\"og:image\" content=\"https:\/\/www.melgacoradical.com\/wp-content\/uploads\/2021\/06\/photo-1586892478025-2b5472316f22.jpg\" \/>\n\t<meta property=\"og:image:width\" content=\"2160\" \/>\n\t<meta property=\"og:image:height\" content=\"1440\" \/>\n\t<meta property=\"og:image:type\" content=\"image\/jpeg\" \/>\n<meta name=\"twitter:card\" content=\"summary_large_image\" \/>\n<meta name=\"twitter:label1\" content=\"Estimated reading time\" \/>\n\t<meta name=\"twitter:data1\" content=\"2 minutes\" \/>\n<!-- \/ Yoast SEO plugin. -->","yoast_head_json":{"title":"Condi\u00e7\u00f5es de Utiliza\u00e7\u00e3o | Melga\u00e7o Radical","description":"Explore o emocionante mundo do Condi\u00e7\u00f5es de Utiliza\u00e7\u00e3o com a Melga\u00e7o Radical! Aventuras inesquec\u00edveis em Melga\u00e7o e no rio Minho, perfeitas para todas as idades.","robots":{"index":"index","follow":"follow","max-snippet":"max-snippet:-1","max-image-preview":"max-image-preview:large","max-video-preview":"max-video-preview:-1"},"canonical":"https:\/\/www.melgacoradical.com\/en\/condicoes-de-utilizacao\/","og_locale":"en_GB","og_type":"article","og_title":"Condi\u00e7\u00f5es de Utiliza\u00e7\u00e3o | Melga\u00e7o Radical","og_description":"Explore o emocionante mundo do Condi\u00e7\u00f5es de Utiliza\u00e7\u00e3o com a Melga\u00e7o Radical! Aventuras inesquec\u00edveis em Melga\u00e7o e no rio Minho, perfeitas para todas as idades.","og_url":"https:\/\/www.melgacoradical.com\/en\/condicoes-de-utilizacao\/","og_site_name":"Melga\u00e7o Radical","article_publisher":"https:\/\/www.facebook.com\/melgacoradical\/","article_modified_time":"2021-06-25T15:07:28+00:00","og_image":[{"width":2160,"height":1440,"url":"https:\/\/www.melgacoradical.com\/wp-content\/uploads\/2021\/06\/photo-1586892478025-2b5472316f22.jpg","type":"image\/jpeg"}],"twitter_card":"summary_large_image","twitter_misc":{"Estimated reading time":"2 minutes"},"schema":{"@context":"https:\/\/schema.org","@graph":[{"@type":"WebPage","@id":"https:\/\/www.melgacoradical.com\/condicoes-de-utilizacao\/","url":"https:\/\/www.melgacoradical.com\/condicoes-de-utilizacao\/","name":"Condi\u00e7\u00f5es de Utiliza\u00e7\u00e3o | Melga\u00e7o Radical","isPartOf":{"@id":"https:\/\/www.melgacoradical.com\/#website"},"datePublished":"2021-04-19T13:24:11+00:00","dateModified":"2021-06-25T15:07:28+00:00","description":"Explore o emocionante mundo do Condi\u00e7\u00f5es de Utiliza\u00e7\u00e3o com a Melga\u00e7o Radical! Aventuras inesquec\u00edveis em Melga\u00e7o e no rio Minho, perfeitas para todas as idades.","breadcrumb":{"@id":"https:\/\/www.melgacoradical.com\/condicoes-de-utilizacao\/#breadcrumb"},"inLanguage":"en-GB","potentialAction":[{"@type":"ReadAction","target":["https:\/\/www.melgacoradical.com\/condicoes-de-utilizacao\/"]}]},{"@type":"BreadcrumbList","@id":"https:\/\/www.melgacoradical.com\/condicoes-de-utilizacao\/#breadcrumb","itemListElement":[{"@type":"ListItem","position":1,"name":"In\u00edcio","item":"https:\/\/www.melgacoradical.com\/"},{"@type":"ListItem","position":2,"name":"Condi\u00e7\u00f5es de Utiliza\u00e7\u00e3o"}]},{"@type":"WebSite","@id":"https:\/\/www.melgacoradical.com\/#website","url":"https:\/\/www.melgacoradical.com\/","name":"Melga\u00e7o Radical","description":"Onde a Aventura Come\u00e7a","publisher":{"@id":"https:\/\/www.melgacoradical.com\/#organization"},"potentialAction":[{"@type":"SearchAction","target":{"@type":"EntryPoint","urlTemplate":"https:\/\/www.melgacoradical.com\/?s={search_term_string}"},"query-input":"required name=search_term_string"}],"inLanguage":"en-GB"},{"@type":"Organization","@id":"https:\/\/www.melgacoradical.com\/#organization","name":"Melga\u00e7o Radical","url":"https:\/\/www.melgacoradical.com\/","logo":{"@type":"ImageObject","inLanguage":"en-GB","@id":"https:\/\/www.melgacoradical.com\/#\/schema\/logo\/image\/","url":"https:\/\/www.melgacoradical.com\/wp-content\/uploads\/2021\/08\/Screenshot_1.jpg","contentUrl":"https:\/\/www.melgacoradical.com\/wp-content\/uploads\/2021\/08\/Screenshot_1.jpg","width":798,"height":521,"caption":"Melga\u00e7o Radical"},"image":{"@id":"https:\/\/www.melgacoradical.com\/#\/schema\/logo\/image\/"},"sameAs":["https:\/\/www.facebook.com\/melgacoradical\/","https:\/\/www.instagram.com\/melgacoradical\/"]}]}},"_links":{"self":[{"href":"https:\/\/www.melgacoradical.com\/en\/wp-json\/wp\/v2\/pages\/111","targetHints":{"allow":["GET"]}}],"collection":[{"href":"https:\/\/www.melgacoradical.com\/en\/wp-json\/wp\/v2\/pages"}],"about":[{"href":"https:\/\/www.melgacoradical.com\/en\/wp-json\/wp\/v2\/types\/page"}],"author":[{"embeddable":true,"href":"https:\/\/www.melgacoradical.com\/en\/wp-json\/wp\/v2\/users\/1"}],"replies":[{"embeddable":true,"href":"https:\/\/www.melgacoradical.com\/en\/wp-json\/wp\/v2\/comments?post=111"}],"version-history":[{"count":0,"href":"https:\/\/www.melgacoradical.com\/en\/wp-json\/wp\/v2\/pages\/111\/revisions"}],"wp:featuredmedia":[{"embeddable":true,"href":"https:\/\/www.melgacoradical.com\/en\/wp-json\/wp\/v2\/media\/1091"}],"wp:attachment":[{"href":"https:\/\/www.melgacoradical.com\/en\/wp-json\/wp\/v2\/media?parent=111"}],"curies":[{"name":"wp","href":"https:\/\/api.w.org\/{rel}","templated":true}]}}